{"id":351,"date":"2024-06-04T01:28:14","date_gmt":"2024-06-04T01:28:14","guid":{"rendered":"https:\/\/ipmscoutek.com\/declaracion-de-accesibilidad\/"},"modified":"2024-09-05T01:44:17","modified_gmt":"2024-09-05T01:44:17","slug":"declaracion-de-accesibilidad","status":"publish","type":"page","link":"https:\/\/ipmscoutek.com\/es\/declaracion-de-accesibilidad\/","title":{"rendered":"Declaraci\u00f3n de accesibilidad"},"content":{"rendered":"<p>[et_pb_section fb_built=\u00bb1&#8243; _builder_version=\u00bb4.25.1&#8243; _module_preset=\u00bbdefault\u00bb background_color=\u00bbgcid-5nn3c05y-63a7-uodb-7730-110ss6kuljib\u00bb global_colors_info=\u00bb{%22gcid-5nn3c05y-63a7-uodb-7730-110ss6kuljib%22:%91%22background_color%22%93}\u00bb][et_pb_row _builder_version=\u00bb4.25.1&#8243; _module_preset=\u00bbdefault\u00bb custom_margin=\u00bb0px||0px||true|false\u00bb custom_padding=\u00bb0px||0px||true|false\u00bb global_colors_info=\u00bb{}\u00bb][et_pb_column type=\u00bb4_4&#8243; _builder_version=\u00bb4.25.1&#8243; _module_preset=\u00bbdefault\u00bb global_colors_info=\u00bb{}\u00bb][et_pb_heading title=\u00bb@ET-DC@eyJkeW5hbWljIjp0cnVlLCJjb250ZW50IjoicG9zdF90aXRsZSIsInNldHRpbmdzIjp7ImJlZm9yZSI6IiIsImFmdGVyIjoiIiwiZW5hYmxlX2h0bWwiOiJvZmYifX0=@\u00bb _builder_version=\u00bb4.27.0&#8243; _dynamic_attributes=\u00bbtitle\u00bb _module_preset=\u00bbdefault\u00bb title_font=\u00bb|&#8211;et_global_heading_font_weight|||||||\u00bb custom_margin=\u00bb||8px|||\u00bb hover_enabled=\u00bb0&#8243; global_colors_info=\u00bb{}\u00bb sticky_enabled=\u00bb0&#8243;][\/et_pb_heading][et_pb_text _builder_version=\u00bb4.25.1&#8243; _module_preset=\u00bbdefault\u00bb text_font=\u00bb|&#8211;et_global_body_font_weight|||||||\u00bb global_colors_info=\u00bb{}\u00bb]<\/p>\n<p><em>\u00daltima actualizaci\u00f3n el 2 de febrero de 2024.<\/em><\/p>\n<p>[\/et_pb_text][\/et_pb_column][\/et_pb_row][\/et_pb_section][et_pb_section fb_built=\u00bb1&#8243; _builder_version=\u00bb4.25.1&#8243; _module_preset=\u00bbdefault\u00bb global_colors_info=\u00bb{}\u00bb][et_pb_row _builder_version=\u00bb4.25.1&#8243; _module_preset=\u00bbdefault\u00bb global_colors_info=\u00bb{}\u00bb][et_pb_column type=\u00bb4_4&#8243; _builder_version=\u00bb4.25.1&#8243; _module_preset=\u00bbdefault\u00bb global_colors_info=\u00bb{}\u00bb][et_pb_text _builder_version=\u00bb4.25.1&#8243; _module_preset=\u00bbdefault\u00bb text_font=\u00bb|&#8211;et_global_body_font_weight|||||||\u00bb global_colors_info=\u00bb{}\u00bb]<\/p>\n<p><strong>IPM Scoutek se esfuerza por cumplir con AA WCAG.<span> <\/span><\/strong>Seguimos las directrices del Gobierno de Canad\u00e1.<span> <\/span><a href=\"https:\/\/www.tbs-sct.gc.ca\/pol\/doc-eng.aspx?id=23601\" target=\"_blank\" rel=\"noopener noreferrer\">Est\u00e1ndar de Accesibilidad Web<\/a> . Este est\u00e1ndar sigue las directrices del Consorcio World Wide Web (W3C) <span> <\/span><a href=\"https:\/\/www.w3.org\/TR\/WCAG20\/\" target=\"_blank\" rel=\"noopener noreferrer\">Pautas de accesibilidad al contenido web<\/a><span> <\/span>(Condiciones de entrada y salida) 2.1.<\/p>\n<p>En IPM Scoutek, nos comprometemos a garantizar la accesibilidad digital para todos, incluidas las personas con discapacidades. Nos esforzamos continuamente por mejorar la experiencia del usuario para todos los visitantes de nuestro sitio web. <\/p>\n<p>En IPM Scoutek, nos comprometemos a garantizar la accesibilidad digital para todos, incluidas las personas con discapacidades. Nos esforzamos continuamente por mejorar la experiencia del usuario para todos los visitantes de nuestro sitio web. <\/p>\n<p><strong>El est\u00e1ndar al que nos adherimos<\/strong><\/p>\n<p>IPM Scoutek se esfuerza por cumplir con las Pautas de Accesibilidad al Contenido Web 2.1 (WCAG) AA. Las WCAG son un est\u00e1ndar abierto para determinar la accesibilidad. El cumplimiento de AA se considera un buen apoyo para un sitio web orientado a una audiencia global.  <\/p>\n<p>Nuestro objetivo es cumplir con las pautas WCAG 2.1 AA creadas por el W3C. El contenido que ofrecemos es accesible y el sitio web est\u00e1 dise\u00f1ado y desarrollado seg\u00fan las pautas WCAG 2.1 AA creadas por el W3C. <\/p>\n<h4><strong>Funciones de accesibilidad<\/strong><\/h4>\n<p>Adem\u00e1s del HTML sem\u00e1ntico, estas funciones est\u00e1n configuradas espec\u00edficamente para funcionar con tecnolog\u00eda de asistencia:<\/p>\n<ul>\n<li>T\u00edtulos de p\u00e1gina distintos y descriptivos.<\/li>\n<li>Encabezados ordenados para construir un flujo l\u00f3gico de documentos.<\/li>\n<li>Este sitio web utiliza el marcado ARIA que facilita la identificaci\u00f3n de las principales secciones y funciones en cada p\u00e1gina.<\/li>\n<li>Todas las im\u00e1genes de este sitio web tienen descripciones de texto alternativas.<\/li>\n<li>Nuestro contenido es utilizable o accesible sin im\u00e1genes.<\/li>\n<li>Hacemos todo lo posible para que los enlaces tengan sentido fuera de contexto. Si esto no es posible, a\u00f1adimos un atributo de t\u00edtulo u otro tipo de ayuda de b\u00fasqueda para crear contexto. <\/li>\n<li>Nombres \u00fanicos y descriptivos para enlaces, botones y otros controles interactivos.<\/li>\n<li>El primer enlace de cada documento es el enlace predeterminado \u00abIr al contenido principal\u00bb. Esto permite al usuario saltar directamente a la secci\u00f3n principal de la p\u00e1gina (el contenido). <\/li>\n<li>Todos los controles de formulario est\u00e1n etiquetados de forma adecuada y clara.<\/li>\n<li>Mantener una paleta de colores con valores de contraste altos para mantener el contenido legible.<\/li>\n<li>Este sitio utiliza \u00fanicamente tama\u00f1os de fuente relativos. Estos son compatibles con la opci\u00f3n de \u00abtama\u00f1o de texto\u00bb elegida por el usuario en los navegadores visuales. <\/li>\n<li>Cualquier informaci\u00f3n transmitida con color tambi\u00e9n est\u00e1 disponible sin color (es decir, basada en texto).<\/li>\n<\/ul>\n<h4><strong>Problemas conocidos<\/strong><\/h4>\n<p>Este sitio no tiene una opci\u00f3n para \u201ccambiar el tama\u00f1o\u201d. Sin embargo, todas las herramientas y funciones que ofrece un widget como este ya est\u00e1n integradas en todos los navegadores principales. <\/p>\n<p>Aqu\u00ed est\u00e1n las opciones clave:<\/p>\n<ul>\n<li>Presione Ctrl y + para aumentar el tama\u00f1o de la p\u00e1gina.<\/li>\n<li>Presione Ctrl y &#8211; para disminuir el tama\u00f1o de la p\u00e1gina.<\/li>\n<li>Presione Ctrl y 0 (cero) para restablecer el tama\u00f1o de la p\u00e1gina al tama\u00f1o predeterminado de la p\u00e1gina web.<\/li>\n<\/ul>\n<h4><strong>Herramientas de accesibilidad<\/strong><\/h4>\n<ul>\n<li><strong><a href=\"http:\/\/www.nvda-project.org\/wiki\/Download\" target=\"_blank\" rel=\"noopener noreferrer\">NVDA<\/a><span> <\/span>un lector de pantalla gratuito y de c\u00f3digo abierto (Windows)<\/strong><\/li>\n<li><strong><a href=\"http:\/\/www.satogo.com\/\" target=\"_blank\" rel=\"noopener noreferrer\">Acceso al sistema<\/a><span> <\/span>(Ventanas)<\/strong><\/li>\n<li><strong><a href=\"http:\/\/www.freedomscientific.com\/jaws-hq.asp\" target=\"_blank\" rel=\"noopener noreferrer\">MAND\u00cdBULAS<\/a><span> <\/span>(Ventanas)<\/strong><\/li>\n<li><strong><a href=\"https:\/\/www.apple.com\/voiceover\/info\/guide\/\" target=\"_blank\" rel=\"noopener noreferrer\">Narraci\u00f3n<\/a><span> <\/span>(Mac)<\/strong><\/li>\n<li><strong><a href=\"https:\/\/wiki.gnome.org\/action\/show\/Projects\/Orca?action=show&amp;redirect=Orca\" target=\"_blank\" rel=\"noopener noreferrer\">Orca<\/a><span> <\/span>(Linux)<\/strong><\/li>\n<\/ul>\n<h4><strong>Pautas de accesibilidad y recursos relacionados<\/strong><\/h4>\n<ul>\n<li><a href=\"http:\/\/www.webaim.org\/\" target=\"_blank\" rel=\"noopener noreferrer\"><strong>WebAIM<\/strong><\/a><\/li>\n<li><a href=\"https:\/\/www.w3.org\/TR\/WCAG21\/\" target=\"_blank\" rel=\"noopener noreferrer\"><strong>Pautas de accesibilidad de W3<\/strong><\/a><\/li>\n<\/ul>\n<h4><strong>Cu\u00e9ntanos c\u00f3mo lo estamos haciendo<\/strong><\/h4>\n<p>Siempre estaremos encantados de recibir sus comentarios. Nuestros continuos esfuerzos de accesibilidad trabajan para hacer que nuestro sitio web sea lo m\u00e1s accesible posible. IPM Scoutek agradece comentarios sobre c\u00f3mo mejorar la accesibilidad del sitio para usuarios con discapacidades. Si tiene problemas, preguntas o sugerencias sobre la accesibilidad de nuestro sitio web, comun\u00edquese con nosotros en<span> <\/span><a href=\"https:\/\/accessible.canada.ca\/node\/42\" target=\"_blank\" rel=\"noopener noreferrer\">info@ipmscoutek.com<\/a> .<\/p>\n<p>[\/et_pb_text][\/et_pb_column][\/et_pb_row][\/et_pb_section]<\/p>\n","protected":false},"excerpt":{"rendered":"<p>\u00daltima actualizaci\u00f3n el 2 de febrero de 2024.IPM Scoutek se esfuerza por cumplir con AA WCAG. Seguimos las directrices del Gobierno de Canad\u00e1. Est\u00e1ndar de Accesibilidad Web . Este est\u00e1ndar sigue las directrices del Consorcio World Wide Web (W3C) Pautas de accesibilidad al contenido web (Condiciones de entrada y salida) 2.1. En IPM Scoutek, nos [&hellip;]<\/p>\n","protected":false},"author":3,"featured_media":0,"parent":0,"menu_order":0,"comment_status":"closed","ping_status":"closed","template":"","meta":{"_et_pb_use_builder":"on","_et_pb_old_content":"","_et_gb_content_width":"","footnotes":""},"difl_page_category":[],"class_list":["post-351","page","type-page","status-publish","hentry"],"_links":{"self":[{"href":"https:\/\/ipmscoutek.com\/es\/wp-json\/wp\/v2\/pages\/351","targetHints":{"allow":["GET"]}}],"collection":[{"href":"https:\/\/ipmscoutek.com\/es\/wp-json\/wp\/v2\/pages"}],"about":[{"href":"https:\/\/ipmscoutek.com\/es\/wp-json\/wp\/v2\/types\/page"}],"author":[{"embeddable":true,"href":"https:\/\/ipmscoutek.com\/es\/wp-json\/wp\/v2\/users\/3"}],"replies":[{"embeddable":true,"href":"https:\/\/ipmscoutek.com\/es\/wp-json\/wp\/v2\/comments?post=351"}],"version-history":[{"count":0,"href":"https:\/\/ipmscoutek.com\/es\/wp-json\/wp\/v2\/pages\/351\/revisions"}],"wp:attachment":[{"href":"https:\/\/ipmscoutek.com\/es\/wp-json\/wp\/v2\/media?parent=351"}],"wp:term":[{"taxonomy":"difl_page_category","embeddable":true,"href":"https:\/\/ipmscoutek.com\/es\/wp-json\/wp\/v2\/difl_page_category?post=351"}],"curies":[{"name":"wp","href":"https:\/\/api.w.org\/{rel}","templated":true}]}}