{"id":352,"date":"2024-06-04T01:25:29","date_gmt":"2024-06-04T01:25:29","guid":{"rendered":"https:\/\/ipmscoutek.com\/politica-de-privacidad\/"},"modified":"2024-09-05T01:45:05","modified_gmt":"2024-09-05T01:45:05","slug":"politica-de-privacidad","status":"publish","type":"page","link":"https:\/\/ipmscoutek.com\/es\/politica-de-privacidad\/","title":{"rendered":"pol\u00edtica de privacidad"},"content":{"rendered":"<p>[et_pb_section fb_built=\u00bb1&#8243; _builder_version=\u00bb4.25.1&#8243; _module_preset=\u00bbdefault\u00bb background_color=\u00bbgcid-5nn3c05y-63a7-uodb-7730-110ss6kuljib\u00bb global_colors_info=\u00bb{%22gcid-5nn3c05y-63a7-uodb-7730-110ss6kuljib%22:%91%22background_color%22%93}\u00bb][et_pb_row _builder_version=\u00bb4.25.1&#8243; _module_preset=\u00bbdefault\u00bb custom_margin=\u00bb0px||0px||true|false\u00bb custom_padding=\u00bb0px||0px||true|false\u00bb global_colors_info=\u00bb{}\u00bb][et_pb_column type=\u00bb4_4&#8243; _builder_version=\u00bb4.25.1&#8243; _module_preset=\u00bbdefault\u00bb global_colors_info=\u00bb{}\u00bb][et_pb_heading title=\u00bb@ET-DC@eyJkeW5hbWljIjp0cnVlLCJjb250ZW50IjoicG9zdF90aXRsZSIsInNldHRpbmdzIjp7ImJlZm9yZSI6IiIsImFmdGVyIjoiIiwiZW5hYmxlX2h0bWwiOiJvZmYifX0=@\u00bb _builder_version=\u00bb4.27.0&#8243; _dynamic_attributes=\u00bbtitle\u00bb _module_preset=\u00bbdefault\u00bb title_font=\u00bb|&#8211;et_global_heading_font_weight|||||||\u00bb custom_margin=\u00bb||8px|||\u00bb hover_enabled=\u00bb0&#8243; global_colors_info=\u00bb{}\u00bb sticky_enabled=\u00bb0&#8243;][\/et_pb_heading][et_pb_text _builder_version=\u00bb4.25.1&#8243; _module_preset=\u00bbdefault\u00bb text_font=\u00bb|&#8211;et_global_body_font_weight|||||||\u00bb global_colors_info=\u00bb{}\u00bb]<\/p>\n<p><em>\u00daltima modificaci\u00f3n el 26 de mayo de 2020<\/em><\/p>\n<p>[\/et_pb_text][\/et_pb_column][\/et_pb_row][\/et_pb_section][et_pb_section fb_built=\u00bb1&#8243; _builder_version=\u00bb4.25.1&#8243; _module_preset=\u00bbdefault\u00bb global_colors_info=\u00bb{}\u00bb][et_pb_row _builder_version=\u00bb4.25.1&#8243; _module_preset=\u00bbdefault\u00bb global_colors_info=\u00bb{}\u00bb][et_pb_column type=\u00bb4_4&#8243; _builder_version=\u00bb4.25.1&#8243; _module_preset=\u00bbdefault\u00bb global_colors_info=\u00bb{}\u00bb][et_pb_text _builder_version=\u00bb4.25.1&#8243; _module_preset=\u00bbdefault\u00bb text_font=\u00bb|&#8211;et_global_body_font_weight|||||||\u00bb global_colors_info=\u00bb{}\u00bb]<\/p>\n<p>Bienvenido a 2730537 Ontario Inc. d\/b\/a IPM Scoutek (\u201c <strong>Empresa<\/strong> \u201d, \u201c <strong>nosotros<\/strong> \u201d, \u201c <strong>nos<\/strong> \u201d y \u201c <strong>nuestro<\/strong> \u201d seg\u00fan el contexto). Nos comprometemos a preservar la privacidad de todas las personas, incluido usted (\u201c <strong>usted<\/strong> \u201d o \u201c <strong>su<\/strong> \u201d seg\u00fan el contexto), que utilizan nuestro sitio web y cualquiera de sus subdominios y aplicaciones m\u00f3viles relacionadas con nuestro producto, IPM Scoutek (nuestra \u201c <strong>Plataforma<\/strong> \u201d) para aprovechar las funciones y los beneficios que ofrecemos en relaci\u00f3n con nuestra Plataforma (los \u201c <strong>Servicios<\/strong> \u201d). En consecuencia, esta pol\u00edtica de privacidad (esta \u201c <strong>Pol\u00edtica de privacidad<\/strong> \u201d) est\u00e1 dise\u00f1ada para ayudarlo a comprender c\u00f3mo se recopila, utiliza, almacena y divulga su informaci\u00f3n de identificaci\u00f3n personal (\u201c <strong>Informaci\u00f3n personal<\/strong> \u201d) cuando interact\u00faa con nosotros y accede a los Servicios.  <\/p>\n<p>Antes de registrarse, enviar cualquier contenido o informaci\u00f3n personal, o interactuar con nosotros en nuestra Plataforma, aseg\u00farese de leer y comprender esta Pol\u00edtica de privacidad, as\u00ed como nuestra<span> <\/span><strong>Condiciones de uso<\/strong><span> <\/span>(junto con otros documentos, nuestros \u201c <strong>T\u00e9rminos<\/strong> \u201d) que se encuentran en l\u00ednea<\/p>\n<p>Esta Pol\u00edtica de privacidad se aplica a la Informaci\u00f3n personal que nos proporciona cuando utiliza los Servicios o nos env\u00eda informaci\u00f3n. Durante su relaci\u00f3n con nosotros, tambi\u00e9n podemos utilizar la propiedad intelectual, las herramientas o los recursos de un tercero (por ejemplo, para el procesamiento de pagos) y la pol\u00edtica de privacidad de dicho tercero tambi\u00e9n puede aplicarse a usted. Le recomendamos que lea y revise cada pol\u00edtica de privacidad que se aplique a usted, ya que los t\u00e9rminos de nuestra Pol\u00edtica de privacidad pueden diferir de los t\u00e9rminos contenidos en las pol\u00edticas de privacidad de terceros. Sin perjuicio de cualquier otra secci\u00f3n de esta Pol\u00edtica de privacidad, la Compa\u00f1\u00eda no ser\u00e1 responsable, directa o indirectamente, de ning\u00fan da\u00f1o o p\u00e9rdida que usted sufra y que sea causado o supuestamente causado por o en relaci\u00f3n con las pol\u00edticas de privacidad de terceros.   <\/p>\n<p>No tiene obligaci\u00f3n de proporcionar informaci\u00f3n personal, con la salvedad de que su negativa a hacerlo puede impedirle utilizar ciertas partes de los Servicios. La Compa\u00f1\u00eda no recopila, utiliza, almacena ni divulga informaci\u00f3n personal sin su consentimiento, excepto seg\u00fan lo exija la ley o como se establece a continuaci\u00f3n. <\/p>\n<p>Si tiene alguna objeci\u00f3n a los t\u00e9rminos de esta Pol\u00edtica de privacidad, no debe utilizar los Servicios ni proporcionarnos su Informaci\u00f3n personal, ya que al proporcionarnos su Informaci\u00f3n personal, se considerar\u00e1 que ha dado su consentimiento para el procesamiento de dichos datos. Si tiene alguna duda o no est\u00e1 seguro sobre alguno de los t\u00e9rminos aqu\u00ed contenidos, lo invitamos a comunicarse con nosotros a trav\u00e9s de los datos de contacto que se proporcionan a continuaci\u00f3n. <\/p>\n<h3>PARTE A \u2013 RECOPILACI\u00d3N DE INFORMACI\u00d3N PERSONAL<\/h3>\n<p>Nuestra recopilaci\u00f3n de informaci\u00f3n personal se limita a lo que es razonable bajo las circunstancias, y solo recopilamos su informaci\u00f3n personal con su consentimiento de conformidad con nuestros T\u00e9rminos.<\/p>\n<h4>Informaci\u00f3n que usted proporciona<\/h4>\n<ol>\n<li><strong>Datos de identidad<\/strong> . Recopilamos la informaci\u00f3n personal que usted nos proporciona, que puede incluir, entre otros: (i) informaci\u00f3n personal b\u00e1sica, incluido su nombre y apellido, informaci\u00f3n de contacto como direcci\u00f3n y n\u00famero de tel\u00e9fono, informaci\u00f3n de pago; (ii) informaci\u00f3n sobre su uso de los Servicios; y (iii) informaci\u00f3n anal\u00edtica, que incluye, entre otros, sus datos de inicio de sesi\u00f3n, tipo y versi\u00f3n de navegador, configuraci\u00f3n de zona horaria y ubicaci\u00f3n, complemento y versiones del navegador, sistema operativo y plataforma y otra tecnolog\u00eda en los dispositivos que utiliza para acceder a nuestra Plataforma.    <\/li>\n<li><strong>Informaci\u00f3n de la cuenta<\/strong> . Cuando utiliza los Servicios como usuario registrado, debe crear una cuenta con nosotros. Para crear una cuenta de usuario registrado, deber\u00e1 proporcionarnos credenciales de inicio de sesi\u00f3n (que incluyen su direcci\u00f3n de correo electr\u00f3nico y contrase\u00f1a), su nombre y cierta otra informaci\u00f3n.  <\/li>\n<li><strong>Comunicaci\u00f3n<\/strong> . Tambi\u00e9n puede ponerse en contacto con nosotros a trav\u00e9s de un formulario de contacto, correo electr\u00f3nico o por otros medios (por ejemplo, si tiene preguntas sobre los Servicios, para recibir asistencia al cliente o para comunicarnos sus ideas sobre nuevos productos o modificaciones de productos existentes). Cuando lo hace, recopilamos la informaci\u00f3n que decide proporcionarnos, como sus datos de contacto, las im\u00e1genes que decide cargar y el contenido y la naturaleza de su mensaje.  <\/li>\n<\/ol>\n<p><strong>Informaci\u00f3n sobre terceros<\/strong> . Puede decidir proporcionarnos informaci\u00f3n de terceros, como nombres, direcciones de correo electr\u00f3nico o n\u00fameros de tel\u00e9fono de personas que desea que utilicen los Servicios (en conjunto, \u00bb <strong>Datos de terceros<\/strong> \u00ab). <\/p>\n<p>Si utiliza alguna caracter\u00edstica de los Servicios que le permita comunicarse con terceros (por ejemplo, para recomendar a un tercero los Servicios o comunicarse con \u00e9l para otros fines determinados), ya sea envi\u00e1ndonos Datos de terceros o permitiendo de otro modo que nuestros sistemas accedan autom\u00e1ticamente a Datos de terceros en su posesi\u00f3n, usted reconoce y acepta que tiene la autoridad del tercero relevante para que accedamos y usemos los Datos de terceros relevantes y que ha notificado a estos terceros y les ha informado c\u00f3mo la Compa\u00f1\u00eda recopila y utiliza su informaci\u00f3n para proporcionar los Servicios.<\/p>\n<p>Utilizamos datos de terceros para ponernos en contacto con dichos terceros utilizando los datos de terceros proporcionados. Adem\u00e1s de enviar las comunicaciones anteriores, tambi\u00e9n podemos enviarle recordatorios o mensajes relacionados a usted y a terceros en su nombre de vez en cuando, cuando lo permita la legislaci\u00f3n aplicable. En cada caso, dichas comunicaciones enviadas a terceros utilizando datos de terceros proporcionar\u00e1n un medio para \u00aboptar por no recibir\u00bb m\u00e1s comunicaciones de la misma naturaleza.  <\/p>\n<h4>Informaci\u00f3n recopilada de forma pasiva o autom\u00e1tica<\/h4>\n<p><strong>Datos generales de uso.<\/strong><span> <\/span>Cuando utiliza nuestra Plataforma, recopilamos cierta informaci\u00f3n por medios automatizados (\u201c <strong>Informaci\u00f3n autom\u00e1tica<\/strong> \u201d), como a trav\u00e9s de archivos de registro del servidor, cookies (descritas m\u00e1s adelante), balizas web (tambi\u00e9n conocidas como GIF transparentes y etiquetas de p\u00edxeles, que pueden usarse para transmitir informaci\u00f3n a nuestra Plataforma) y scripts integrados (c\u00f3digo de programaci\u00f3n dise\u00f1ado para recopilar informaci\u00f3n sobre sus interacciones con nuestra Plataforma, como los enlaces en los que hace clic). La Informaci\u00f3n autom\u00e1tica no se publicar\u00e1 ni se har\u00e1 p\u00fablica a trav\u00e9s de los Servicios. <\/p>\n<p>Cuando utiliza los Servicios, podemos recopilar datos de las acciones de los usuarios mediante Google Analytics y las propiedades t\u00e9cnicas del hardware y el software utilizados junto con los Servicios. Por ejemplo, podemos recopilar el tipo y el modelo de hardware o navegador web que utiliza y la versi\u00f3n del sistema operativo que utiliza. Cuando utiliza los Servicios, tambi\u00e9n podemos recopilar informaci\u00f3n sobre su ubicaci\u00f3n (como se describe a continuaci\u00f3n en el encabezado \u00abUbicaci\u00f3n\u00bb), el tiempo que utiliza los Servicios en cada sesi\u00f3n, las funciones que utiliza en los Servicios y las acciones que realiza mientras utiliza los Servicios.  <\/p>\n<ol>\n<li><strong>Ubicaci\u00f3n.<\/strong><span> <\/span>Cuando utilice los Servicios en su computadora, dispositivo m\u00f3vil u otro dispositivo, es posible que se nos comunique la informaci\u00f3n de la direcci\u00f3n de protocolo de Internet (direcci\u00f3n IP). Si recopilamos y posteriormente almacenamos dicha informaci\u00f3n, lo haremos en un formato que no lo identifique personalmente. <\/li>\n<li><strong>Datos de marketing y comunicaciones.<\/strong><span> <\/span>Recopilamos sus preferencias para recibir material de marketing nuestro y de ciertos terceros, adem\u00e1s de sus preferencias de comunicaci\u00f3n.  <\/li>\n<\/ol>\n<p><strong>Galletas.<\/strong><span> <\/span>Cuando visita nuestra Plataforma, recopilamos cierta informaci\u00f3n sobre su actividad en nuestra Plataforma, como se describe a continuaci\u00f3n bajo el encabezado \u201cInformaci\u00f3n autom\u00e1tica\u201d.<\/p>\n<p>Para mayor claridad, las cookies son identificadores alfanum\u00e9ricos que se almacenan en el dispositivo con el que accede a los Servicios. Estas cookies nos permiten ajustar los Servicios para que se ajusten a sus preferencias de navegaci\u00f3n personales. Si su navegador no est\u00e1 configurado para permitir cookies, es posible que no tenga acceso a todas las \u00e1reas o funciones de nuestra Plataforma.  <\/p>\n<p>La informaci\u00f3n que recopilamos de esta manera puede incluir detalles sobre la computadora, el tel\u00e9fono m\u00f3vil u otro dispositivo utilizado para acceder a nuestra Plataforma (como el tipo de navegador, el sistema operativo y la direcci\u00f3n IP), URL de referencia e informaci\u00f3n sobre las acciones realizadas o la interacci\u00f3n con nuestros activos digitales.<\/p>\n<p>La informaci\u00f3n que recopilamos de esta manera sirve para mejorar su experiencia de usuario. Por ejemplo, esta informaci\u00f3n nos permite completar previamente los campos de formulario y brindarle recomendaciones contextuales mientras utiliza nuestra Plataforma. <\/p>\n<h3>PARTE B \u2013 USO DE SU INFORMACI\u00d3N<\/h3>\n<p>Utilizamos la informaci\u00f3n personal para los fines establecidos o impl\u00edcitos en el momento de la recopilaci\u00f3n, incluidos los siguientes:<\/p>\n<p><strong>Comunicaci\u00f3n<\/strong><br \/> Utilizamos la informaci\u00f3n que recopilamos para comunicarnos con usted con fines administrativos. Por ejemplo, si se comunica con nosotros por correo electr\u00f3nico, utilizaremos la informaci\u00f3n que nos proporcione para responder a su pregunta o resolver su problema. <\/p>\n<p>Tambi\u00e9n utilizamos la informaci\u00f3n que recopilamos para enviarle comunicaciones relacionadas con los Servicios, como actualizaciones sobre promociones y eventos, comunicaciones relacionadas con productos y servicios ofrecidos por nosotros y por terceros, y comunicaciones sobre servicios que creemos que ser\u00e1n de su inter\u00e9s.<\/p>\n<p>Usted y cada usuario podr\u00e1n actualizar sus preferencias de comunicaci\u00f3n en cualquier momento escribi\u00e9ndonos a:<\/p>\n<p>Delegado de protecci\u00f3n de datos,<span> <\/span><strong><a href=\"mailto:support@ipmscoutek.com\" rel=\"noopener noreferrer\">soporte@ipmscoutek.com<\/a> .<\/strong><\/p>\n<p><strong>Prestaci\u00f3n de los servicios<\/strong><br \/> Utilizamos la informaci\u00f3n que recopilamos para operar, mantener y proporcionar los Servicios, como permitir el acceso a nuestra Plataforma, brindar atenci\u00f3n al cliente o completar transacciones, lo que puede incluir compartir su informaci\u00f3n con terceros que sean partes interesadas en los Servicios (por ejemplo, la ejecuci\u00f3n de una transacci\u00f3n de pago o la provisi\u00f3n de una oferta de productos). Tambi\u00e9n podemos proporcionar un informe que detalle la informaci\u00f3n relevante a un administrador que le haya otorgado acceso a los Servicios de conformidad con una licencia o suscripci\u00f3n adquirida o a un licenciante a cuyo contenido usted pueda acceder a trav\u00e9s de los Servicios. <\/p>\n<p><strong>An\u00e1lisis y desarrollo de productos<\/strong><br \/> Utilizamos la informaci\u00f3n que recopilamos para analizar las tendencias y preferencias de uso de datos con el fin de mejorar la precisi\u00f3n, la eficacia, la seguridad, la facilidad de uso o la popularidad de los Servicios. Algunos terceros cuyas herramientas se utilizan (por ejemplo, Google Analytics) que involucran tecnolog\u00edas descritas anteriormente (cookies, etiquetas, balizas) para ayudarnos a obtener informaci\u00f3n e impulsar ciertas funcionalidades y mejoras requieren que dichos terceros recopilen y almacenen dicha informaci\u00f3n (de acuerdo con sus propias pol\u00edticas de privacidad). <\/p>\n<p><strong>Personalizaci\u00f3n<\/strong><br \/> Utilizamos la informaci\u00f3n que recopilamos, como los identificadores de dispositivos, para conocer c\u00f3mo interact\u00faan los usuarios con los Servicios con el fin de personalizar el contenido de los Servicios y mejorar el rendimiento de nuestra Plataforma.<\/p>\n<p><strong>Legal<\/strong><br \/> Utilizamos la informaci\u00f3n que recopilamos para cumplir con las leyes, defender nuestros derechos legales y hacer cumplir nuestros T\u00e9rminos.<\/p>\n<h3>PARTE C \u2013 ANTI-SPAM<\/h3>\n<p>Cuando corresponda, solicitaremos su consentimiento expreso para comunicarnos con usted, incluso mediante mensajes electr\u00f3nicos comerciales. La Compa\u00f1\u00eda solicita este consentimiento y puede comunicarse con nosotros al 1-866-412-8883 o al Responsable de Protecci\u00f3n de Datos en <span> <\/span><a href=\"mailto:hello@ipmscoutek.com\" rel=\"noopener noreferrer\">hola@ipmscoutek.com<\/a> . En cualquier momento puede darse de baja de la recepci\u00f3n de mensajes electr\u00f3nicos comerciales siguiendo las instrucciones que aparecen en el mensaje. <\/p>\n<p>Incluso si ha optado por no recibir comunicaciones de marketing de nuestra parte, tenga en cuenta que a\u00fan podemos comunicarnos con usted por otros motivos. Por ejemplo, podemos comunicarnos con usted para enviarle comunicaciones que ha aceptado recibir, relacionadas con los productos o servicios que le brindamos, o si se comunica con nosotros para realizar una consulta. <\/p>\n<h3>PARTE D \u2013 PROTECCI\u00d3N DE LA PRIVACIDAD EN L\u00cdNEA DE LOS NI\u00d1OS<\/h3>\n<p>Nuestra Plataforma y Servicios no est\u00e1n destinados a ser utilizados por personas menores de 18 a\u00f1os. No recopilamos ni utilizamos deliberadamente Informaci\u00f3n Personal de ninguna persona menor de 13 a\u00f1os. Si nos damos cuenta de que hemos recopilado sin saberlo Informaci\u00f3n Personal de un ni\u00f1o menor de 13 a\u00f1os, haremos todos los esfuerzos comercialmente razonables para eliminar dicha Informaci\u00f3n Personal de nuestra base de datos.  <\/p>\n<h3>PARTE E \u2013 TRANSFERENCIAS Y DIVULGACIONES DE INFORMACI\u00d3N PERSONAL<\/h3>\n<p>Aparte de lo divulgado en esta Pol\u00edtica de privacidad, no divulgaremos informaci\u00f3n personal a ninguna organizaci\u00f3n externa sin su consentimiento a menos que la ley nos lo exija o nos lo permita, incluso en el caso de una fusi\u00f3n corporativa, reorganizaci\u00f3n, cambio de control o venta.<\/p>\n<p>Su informaci\u00f3n personal puede ser almacenada, procesada o utilizada de otra manera por nosotros, nuestras filiales o nuestros proveedores de servicios, tanto dentro como fuera de Canad\u00e1. Como resultado, los tribunales, los gobiernos o las agencias de aplicaci\u00f3n de la ley de ese pa\u00eds podr\u00edan obtener la divulgaci\u00f3n de su informaci\u00f3n de acuerdo con las leyes de ese pa\u00eds. Siempre que utilicemos otras organizaciones para brindar servicios de soporte, se les solicitar\u00e1 que implementen medidas de seguridad adecuadas para salvaguardar la informaci\u00f3n personal, cumplir con las mismas obligaciones que se le exigen a la Compa\u00f1\u00eda y permitirnos auditarlas para verificar su cumplimiento.  <\/p>\n<h3>PARTE F \u2013 SEGURIDAD Y RETENCI\u00d3N<\/h3>\n<p>Tomamos todas las medidas razonables para proteger la seguridad y confidencialidad de su informaci\u00f3n personal. Protegemos la informaci\u00f3n personal que se encuentra bajo nuestra custodia o control con medidas de seguridad organizativas, tecnol\u00f3gicas y f\u00edsicas adecuadas. <\/p>\n<p>Almacenamos informaci\u00f3n personal en archivos f\u00edsicos y electr\u00f3nicos que son seguros, y nuestras medidas de seguridad incluyen almacenamiento seguro en el sitio y fuera del sitio, acceso restringido a registros y equipos de procesamiento de datos, protocolos de contrase\u00f1as y software de cifrado y seguridad. Realizamos auditor\u00edas y monitoreamos el cumplimiento de nuestras pr\u00e1cticas de privacidad. <\/p>\n<p>Solo conservamos la informaci\u00f3n personal durante el tiempo que sea necesario para el prop\u00f3sito para el que fue recopilada. Cuando ya no estemos obligados a conservar la informaci\u00f3n, la destruiremos, borraremos o desidentificaremos. Sin embargo, los requisitos legales pueden exigirnos que conservemos parte o toda la informaci\u00f3n personal que tenemos durante un per\u00edodo de tiempo mayor que el que podr\u00edamos conservar de otro modo.  <\/p>\n<h3>PARTE G \u2013 CAMBIOS A ESTA POL\u00cdTICA DE PRIVACIDAD<\/h3>\n<p>Es posible que modifiquemos esta Pol\u00edtica de privacidad de vez en cuando a medida que agreguemos nuevos productos y servicios, mejoremos nuestras ofertas actuales y cambien las tecnolog\u00edas. Si realizamos alg\u00fan cambio en esta Pol\u00edtica de privacidad, esto se reflejar\u00e1 en la fecha de \u00faltima actualizaci\u00f3n indicada anteriormente. Le recomendamos que vuelva a consultarla peri\u00f3dicamente para ver si hemos realizado alg\u00fan cambio. Si realizamos alg\u00fan cambio sustancial o material en esta Pol\u00edtica de privacidad, se lo notificaremos mediante la publicaci\u00f3n de un aviso claro y visible de estos cambios en nuestra Plataforma y en esta Pol\u00edtica de privacidad.   <\/p>\n<h3>PARTE H \u2013 ACCESO, CORRECCI\u00d3N Y RESPONSABILIDAD<\/h3>\n<p>Nos esforzaremos por mantener toda la informaci\u00f3n personal en nuestros archivos completa, actualizada y precisa y necesitamos su ayuda para hacerlo.<\/p>\n<p>Cualquier pregunta, comentario o inquietud relacionada con esta Pol\u00edtica de Privacidad, y cualquier solicitud para corregir o acceder a la Informaci\u00f3n Personal recopilada durante su uso de los Servicios, debe dirigirse al Responsable de Privacidad a:<\/p>\n<p>Brian Hendel<br \/> <a href=\"mailto:hello@ipmscoutek.com\" rel=\"noopener noreferrer\">hola@ipmscoutek.com<\/a><br \/> 1-866-412-8883<\/p>\n<p>[\/et_pb_text][\/et_pb_column][\/et_pb_row][\/et_pb_section]<\/p>\n","protected":false},"excerpt":{"rendered":"<p>\u00daltima modificaci\u00f3n el 26 de mayo de 2020Bienvenido a 2730537 Ontario Inc. d\/b\/a IPM Scoutek (\u201c Empresa \u201d, \u201c nosotros \u201d, \u201c nos \u201d y \u201c nuestro \u201d seg\u00fan el contexto). Nos comprometemos a preservar la privacidad de todas las personas, incluido usted (\u201c usted \u201d o \u201c su \u201d seg\u00fan el contexto), que utilizan [&hellip;]<\/p>\n","protected":false},"author":3,"featured_media":0,"parent":0,"menu_order":0,"comment_status":"closed","ping_status":"closed","template":"","meta":{"_et_pb_use_builder":"on","_et_pb_old_content":"","_et_gb_content_width":"","footnotes":""},"difl_page_category":[],"class_list":["post-352","page","type-page","status-publish","hentry"],"_links":{"self":[{"href":"https:\/\/ipmscoutek.com\/es\/wp-json\/wp\/v2\/pages\/352","targetHints":{"allow":["GET"]}}],"collection":[{"href":"https:\/\/ipmscoutek.com\/es\/wp-json\/wp\/v2\/pages"}],"about":[{"href":"https:\/\/ipmscoutek.com\/es\/wp-json\/wp\/v2\/types\/page"}],"author":[{"embeddable":true,"href":"https:\/\/ipmscoutek.com\/es\/wp-json\/wp\/v2\/users\/3"}],"replies":[{"embeddable":true,"href":"https:\/\/ipmscoutek.com\/es\/wp-json\/wp\/v2\/comments?post=352"}],"version-history":[{"count":0,"href":"https:\/\/ipmscoutek.com\/es\/wp-json\/wp\/v2\/pages\/352\/revisions"}],"wp:attachment":[{"href":"https:\/\/ipmscoutek.com\/es\/wp-json\/wp\/v2\/media?parent=352"}],"wp:term":[{"taxonomy":"difl_page_category","embeddable":true,"href":"https:\/\/ipmscoutek.com\/es\/wp-json\/wp\/v2\/difl_page_category?post=352"}],"curies":[{"name":"wp","href":"https:\/\/api.w.org\/{rel}","templated":true}]}}