{"id":358,"date":"2024-05-31T17:56:51","date_gmt":"2024-05-31T17:56:51","guid":{"rendered":"https:\/\/ipmscoutek.com\/noticias\/"},"modified":"2024-11-29T15:51:02","modified_gmt":"2024-11-29T15:51:02","slug":"noticias","status":"publish","type":"page","link":"https:\/\/ipmscoutek.com\/es\/noticias\/","title":{"rendered":"Noticias"},"content":{"rendered":"<p>[et_pb_section fb_built=\u00bb1&#8243; custom_padding_last_edited=\u00bbon|tablet\u00bb _builder_version=\u00bb4.25.1&#8243; _module_preset=\u00bbdefault\u00bb background_image=\u00bbhttps:\/\/ipmscoutek.com\/wp-content\/uploads\/2024\/05\/SON08886.jpg?_t=1717471282&#8243; custom_margin=\u00bb||0px||false|false\u00bb custom_padding=\u00bb80px||0px||false|false\u00bb custom_padding_tablet=\u00bb200px||||false|false\u00bb custom_padding_phone=\u00bb\u00bb box_shadow_style=\u00bbpreset7&#8243; box_shadow_horizontal=\u00bb0px\u00bb box_shadow_vertical=\u00bb-50px\u00bb box_shadow_color=\u00bb#FFFFFF\u00bb box_shadow_vertical_tablet=\u00bb0px\u00bb box_shadow_vertical_phone=\u00bb\u00bb box_shadow_vertical_last_edited=\u00bbon|tablet\u00bb global_colors_info=\u00bb{}\u00bb][et_pb_row column_structure=\u00bb1_2,1_2&#8243; _builder_version=\u00bb4.25.1&#8243; _module_preset=\u00bbdefault\u00bb width=\u00bb100%\u00bb custom_margin=\u00bb||0px||false|false\u00bb custom_padding=\u00bb||0px||false|false\u00bb custom_css_main_element=\u00bb||||\u00bb global_colors_info=\u00bb{}\u00bb custom_css_main_element_last_edited=\u00bbon|phone\u00bb custom_css_main_element_tablet=\u00bbdisplay: flex;||flex-wrap: wrap;\u00bb custom_css_main_element_phone=\u00bbdisplay: flex;||flex-wrap: wrap;\u00bb][et_pb_column type=\u00bb1_2&#8243; _builder_version=\u00bb4.25.1&#8243; _module_preset=\u00bbdefault\u00bb custom_padding=\u00bb||0px||false|false\u00bb custom_css_main_element=\u00bborder:2;||margin-bottom:0px;\u00bb global_colors_info=\u00bb{}\u00bb][et_pb_blurb title=\u00bbNoticias y actualizaciones\u00bb content_max_width_tablet=\u00bb80%\u00bb content_max_width_phone=\u00bb90%\u00bb content_max_width_last_edited=\u00bbon|phone\u00bb _builder_version=\u00bb4.25.1&#8243; _module_preset=\u00bbdefault\u00bb header_level=\u00bbh1&#8243; header_font=\u00bb&#8211;et_global_heading_font|700|||||||\u00bb header_font_size=\u00bb48px\u00bb header_line_height=\u00bb1.2em\u00bb body_font=\u00bb|300|||||||\u00bb body_font_size=\u00bb22px\u00bb background_color=\u00bbgcid-primary-color\u00bb background_layout=\u00bbdark\u00bb width=\u00bbundefined\u00bb height=\u00bbundefined\u00bb custom_padding=\u00bb45px|30px|45px|30px|true|true\u00bb body_font_size_tablet=\u00bb18px\u00bb body_font_size_phone=\u00bb\u00bb body_font_size_last_edited=\u00bbon|tablet\u00bb custom_css_blurb_title=\u00bbmargin-bottom:20px;\u00bb box_shadow_style=\u00bbpreset2&#8243; box_shadow_horizontal=\u00bb10px\u00bb box_shadow_vertical=\u00bb10px\u00bb box_shadow_blur=\u00bb20px\u00bb box_shadow_color=\u00bbrgba(31,83,79,0.28)\u00bb saved_tabs=\u00bball\u00bb global_colors_info=\u00bb{%22gcid-primary-color%22:%91%22background_color%22%93}\u00bb]<\/p>\n<p>\u00a1Ent\u00e9rate de lo \u00faltimo de IPM Scoutek!<\/p>\n<p>[\/et_pb_blurb][\/et_pb_column][et_pb_column type=\u00bb1_2&#8243; _builder_version=\u00bb4.25.1&#8243; _module_preset=\u00bbdefault\u00bb custom_padding=\u00bb||0px||false|false\u00bb custom_css_main_element=\u00bborder:1;\u00bb global_colors_info=\u00bb{}\u00bb][\/et_pb_column][\/et_pb_row][\/et_pb_section][et_pb_section fb_built=\u00bb1&#8243; _builder_version=\u00bb4.25.1&#8243; _module_preset=\u00bbdefault\u00bb global_colors_info=\u00bb{}\u00bb][et_pb_row _builder_version=\u00bb4.25.1&#8243; _module_preset=\u00bbdefault\u00bb global_colors_info=\u00bb{}\u00bb][et_pb_column type=\u00bb4_4&#8243; _builder_version=\u00bb4.25.1&#8243; _module_preset=\u00bbdefault\u00bb global_colors_info=\u00bb{}\u00bb][difl_postgrid gutter=\u00bb30&#8243; outer_wrpper_visibility=\u00bbvisible\u00bb inner_wrpper_visibility=\u00bbvisible\u00bb column_tablet=\u00bb2&#8243; column_phone=\u00bb1&#8243; column_last_edited=\u00bbon|desktop\u00bb _builder_version=\u00bb4.27.0&#8243; _module_preset=\u00bbdefault\u00bb hover_enabled=\u00bb0&#8243; global_colors_info=\u00bb{}\u00bb sticky_enabled=\u00bb0&#8243;][difl_postitem type=\u00bbimage\u00bb image_scale=\u00bbdf-image-zoom-in\u00bb _builder_version=\u00bb4.25.1&#8243; _module_preset=\u00bbdefault\u00bb border_radii=\u00bboff|||45px|\u00bb box_shadow_style=\u00bbpreset2&#8243; box_shadow_horizontal=\u00bb0px\u00bb box_shadow_vertical=\u00bb3px\u00bb box_shadow_blur=\u00bb12px\u00bb box_shadow_color=\u00bbrgba(31,83,79,0.5)\u00bb global_colors_info=\u00bb{}\u00bb][\/difl_postitem][difl_postitem type=\u00bbtitle\u00bb title_tag=\u00bbh3&#8243; _builder_version=\u00bb4.25.1&#8243; _module_preset=\u00bbdefault\u00bb post_font_style_font=\u00bb|&#8211;et_global_heading_font_weight|||||||\u00bb post_font_style_text_color=\u00bbgcid-primary-color\u00bb global_colors_info=\u00bb{%22gcid-primary-color%22:%91%22post_font_style_text_color%22%93}\u00bb][\/difl_postitem][difl_postitem type=\u00bbbutton\u00bb use_icon=\u00bbon\u00bb font_icon=\u00bb&#xf30b;||fa||900&#8243; icon_color=\u00bbgcid-primary-color\u00bb icon_margin=\u00bb|||3px|false|false\u00bb _builder_version=\u00bb4.27.0&#8243; _module_preset=\u00bbdefault\u00bb post_font_style_font=\u00bb|&#8211;et_global_body_font_weight|||||||\u00bb post_font_style_text_color=\u00bbgcid-primary-color\u00bb post_font_style_font_size=\u00bb16px\u00bb hover_enabled=\u00bb0&#8243; global_colors_info=\u00bb{%22gcid-primary-color%22:%91%22icon_color%22,%22post_font_style_text_color%22%93}\u00bb read_more_text=\u00bbLeer m\u00e1s\u00bb sticky_enabled=\u00bb0&#8243;][\/difl_postitem][\/difl_postgrid][\/et_pb_column][\/et_pb_row][\/et_pb_section]<\/p>\n","protected":false},"excerpt":{"rendered":"<p>\u00a1Ent\u00e9rate de lo \u00faltimo de IPM Scoutek!<div class=\"et_pb_module difl_postgrid difl_postgrid_0\">\n\t\t\t\t\n\t\t\t\t\n\t\t\t\t\n\t\t\t\t\n\t\t\t\t\n\t\t\t\t\n\t\t\t\t<div class=\"et_pb_module_inner\">\n\t\t\t\t\t<div class=\"df_postgrid_container et_pb_ajax_pagination_container\" data-settings='{\"layout\":\"grid\"}'><div class=\"df-posts-wrap layout-grid\">                <article id=\"post-488\" class=\"df-post-item v2 post-488 post type-post status-publish format-standard has-post-thumbnail hentry category-sin-categorizar\">\n                    <div class=\"df-post-outer-wrap df-hover-trigger\" >\n                                                <div class=\"df-post-inner-wrap\">\n                            <div class=\"df-item-wrap df-post-image-wrap difl_postitem_0 \">\n                    <a class=\"df-hover-effect df-image-zoom-in\" href=\"https:\/\/ipmscoutek.com\/es\/convertir-los-datos-de-ipm-en-decisiones-diarias-que-dicen-las-investigaciones-y-como-ayuda-scoutek\/\"><img loading=\"lazy\" decoding=\"async\" src=\"https:\/\/ipmscoutek.com\/wp-content\/uploads\/2025\/09\/Decision-Making-in-Actionable-Data-400x250.jpg\" alt=\"Convertir los datos de IPM en decisiones diarias: qu\u00e9 dicen las investigaciones y c\u00f3mo ayuda Scoutek\" class=\"\" width=\"400\" height=\"250\" \/><\/a>\n                <\/div><div class=\"df-item-wrap df-post-title-wrap difl_postitem_1 \">\n            \n            <h3 class=\"df-post-title\">\n                <a href=\"https:\/\/ipmscoutek.com\/es\/convertir-los-datos-de-ipm-en-decisiones-diarias-que-dicen-las-investigaciones-y-como-ayuda-scoutek\/\">\n                    Convertir los datos de IPM en decisiones diarias: qu\u00e9 dicen las investigaciones y c\u00f3mo ayuda Scoutek\n                <\/a>\n            <\/h3>     \n        <\/div><div class=\"df-item-wrap df-post-button-wrap difl_postitem_2 \">\n            \n            <a class=\"df-post-read-more\" href=\"https:\/\/ipmscoutek.com\/es\/convertir-los-datos-de-ipm-en-decisiones-diarias-que-dicen-las-investigaciones-y-como-ayuda-scoutek\/\"><span class=\"btn-text\">Leer m\u00e1s<\/span> <span class=\"et-pb-icon\">&#xf30b;<\/span><\/a>\n        <\/div>                        <\/div>\n                    <\/div>\n                <\/article>\n                                <article id=\"post-481\" class=\"df-post-item v2 post-481 post type-post status-publish format-standard has-post-thumbnail hentry category-sin-categorizar\">\n                    <div class=\"df-post-outer-wrap df-hover-trigger\" >\n                                                <div class=\"df-post-inner-wrap\">\n                            <div class=\"df-item-wrap df-post-image-wrap difl_postitem_0 \">\n                    <a class=\"df-hover-effect df-image-zoom-in\" href=\"https:\/\/ipmscoutek.com\/es\/de-lo-escrito-a-mano-a-la-alta-tecnologia-presupuestos-de-invernadero\/\"><img loading=\"lazy\" decoding=\"async\" src=\"https:\/\/ipmscoutek.com\/wp-content\/uploads\/2025\/07\/IMG_9671-400x250.jpg\" alt=\"De lo escrito a mano a la alta tecnolog\u00eda: presupuestos de invernadero\" class=\"\" width=\"400\" height=\"250\" \/><\/a>\n                <\/div><div class=\"df-item-wrap df-post-title-wrap difl_postitem_1 \">\n            \n            <h3 class=\"df-post-title\">\n                <a href=\"https:\/\/ipmscoutek.com\/es\/de-lo-escrito-a-mano-a-la-alta-tecnologia-presupuestos-de-invernadero\/\">\n                    De lo escrito a mano a la alta tecnolog\u00eda: presupuestos de invernadero\n                <\/a>\n            <\/h3>     \n        <\/div><div class=\"df-item-wrap df-post-button-wrap difl_postitem_2 \">\n            \n            <a class=\"df-post-read-more\" href=\"https:\/\/ipmscoutek.com\/es\/de-lo-escrito-a-mano-a-la-alta-tecnologia-presupuestos-de-invernadero\/\"><span class=\"btn-text\">Leer m\u00e1s<\/span> <span class=\"et-pb-icon\">&#xf30b;<\/span><\/a>\n        <\/div>                        <\/div>\n                    <\/div>\n                <\/article>\n                                <article id=\"post-471\" class=\"df-post-item v2 post-471 post type-post status-publish format-standard has-post-thumbnail hentry category-sin-categorizar\">\n                    <div class=\"df-post-outer-wrap df-hover-trigger\" >\n                                                <div class=\"df-post-inner-wrap\">\n                            <div class=\"df-item-wrap df-post-image-wrap difl_postitem_0 \">\n                    <a class=\"df-hover-effect df-image-zoom-in\" href=\"https:\/\/ipmscoutek.com\/es\/como-la-colaboracion-puede-impulsar-la-resiliencia-en-el-sector-de-los-invernaderos\/\"><img loading=\"lazy\" decoding=\"async\" src=\"https:\/\/ipmscoutek.com\/wp-content\/uploads\/2025\/05\/Blog-Image-400x250.jpg\" alt=\"C\u00f3mo la colaboraci\u00f3n puede impulsar la resiliencia en el sector de los invernaderos\" class=\"\" width=\"400\" height=\"250\" \/><\/a>\n                <\/div><div class=\"df-item-wrap df-post-title-wrap difl_postitem_1 \">\n            \n            <h3 class=\"df-post-title\">\n                <a href=\"https:\/\/ipmscoutek.com\/es\/como-la-colaboracion-puede-impulsar-la-resiliencia-en-el-sector-de-los-invernaderos\/\">\n                    C\u00f3mo la colaboraci\u00f3n puede impulsar la resiliencia en el sector de los invernaderos\n                <\/a>\n            <\/h3>     \n        <\/div><div class=\"df-item-wrap df-post-button-wrap difl_postitem_2 \">\n            \n            <a class=\"df-post-read-more\" href=\"https:\/\/ipmscoutek.com\/es\/como-la-colaboracion-puede-impulsar-la-resiliencia-en-el-sector-de-los-invernaderos\/\"><span class=\"btn-text\">Leer m\u00e1s<\/span> <span class=\"et-pb-icon\">&#xf30b;<\/span><\/a>\n        <\/div>                        <\/div>\n                    <\/div>\n                <\/article>\n                                <article id=\"post-455\" class=\"df-post-item v2 post-455 post type-post status-publish format-standard has-post-thumbnail hentry category-sin-categorizar\">\n                    <div class=\"df-post-outer-wrap df-hover-trigger\" >\n                                                <div class=\"df-post-inner-wrap\">\n                            <div class=\"df-item-wrap df-post-image-wrap difl_postitem_0 \">\n                    <a class=\"df-hover-effect df-image-zoom-in\" href=\"https:\/\/ipmscoutek.com\/es\/gestion-inteligente-del-biocontrol-seguimiento-de-la-eficacia-para-proteger-su-inversion\/\"><img loading=\"lazy\" decoding=\"async\" src=\"https:\/\/ipmscoutek.com\/wp-content\/uploads\/2025\/02\/AdobeStock_300006359-400x250.jpeg\" alt=\"Gesti\u00f3n inteligente del biocontrol: seguimiento de la eficacia para proteger su inversi\u00f3n\" class=\"\" width=\"400\" height=\"250\" \/><\/a>\n                <\/div><div class=\"df-item-wrap df-post-title-wrap difl_postitem_1 \">\n            \n            <h3 class=\"df-post-title\">\n                <a href=\"https:\/\/ipmscoutek.com\/es\/gestion-inteligente-del-biocontrol-seguimiento-de-la-eficacia-para-proteger-su-inversion\/\">\n                    Gesti\u00f3n inteligente del biocontrol: seguimiento de la eficacia para proteger su inversi\u00f3n\n                <\/a>\n            <\/h3>     \n        <\/div><div class=\"df-item-wrap df-post-button-wrap difl_postitem_2 \">\n            \n            <a class=\"df-post-read-more\" href=\"https:\/\/ipmscoutek.com\/es\/gestion-inteligente-del-biocontrol-seguimiento-de-la-eficacia-para-proteger-su-inversion\/\"><span class=\"btn-text\">Leer m\u00e1s<\/span> <span class=\"et-pb-icon\">&#xf30b;<\/span><\/a>\n        <\/div>                        <\/div>\n                    <\/div>\n                <\/article>\n                                <article id=\"post-446\" class=\"df-post-item v2 post-446 post type-post status-publish format-standard has-post-thumbnail hentry category-sin-categorizar\">\n                    <div class=\"df-post-outer-wrap df-hover-trigger\" >\n                                                <div class=\"df-post-inner-wrap\">\n                            <div class=\"df-item-wrap df-post-image-wrap difl_postitem_0 \">\n                    <a class=\"df-hover-effect df-image-zoom-in\" href=\"https:\/\/ipmscoutek.com\/es\/sabias-que-canada-es-lider-en-innovacion-agroindustrial-e-invernaderos-de-alta-tecnologia\/\"><img loading=\"lazy\" decoding=\"async\" src=\"https:\/\/ipmscoutek.com\/wp-content\/uploads\/2025\/01\/DALL\u00b7E-2025-01-24-13.42.42-A-realistic-and-visually-appealing-image-of-a-high-tech-greenhouse-prominently-featuring-the-Canadian-flag-integrated-into-its-design.-The-greenhouse--400x250.webp\" alt=\"\u00bfSab\u00edas que Canad\u00e1 es l\u00edder en innovaci\u00f3n agroindustrial e invernaderos de alta tecnolog\u00eda?\" class=\"\" width=\"400\" height=\"250\" \/><\/a>\n                <\/div><div class=\"df-item-wrap df-post-title-wrap difl_postitem_1 \">\n            \n            <h3 class=\"df-post-title\">\n                <a href=\"https:\/\/ipmscoutek.com\/es\/sabias-que-canada-es-lider-en-innovacion-agroindustrial-e-invernaderos-de-alta-tecnologia\/\">\n                    \u00bfSab\u00edas que Canad\u00e1 es l\u00edder en innovaci\u00f3n agroindustrial e invernaderos de alta tecnolog\u00eda?\n                <\/a>\n            <\/h3>     \n        <\/div><div class=\"df-item-wrap df-post-button-wrap difl_postitem_2 \">\n            \n            <a class=\"df-post-read-more\" href=\"https:\/\/ipmscoutek.com\/es\/sabias-que-canada-es-lider-en-innovacion-agroindustrial-e-invernaderos-de-alta-tecnologia\/\"><span class=\"btn-text\">Leer m\u00e1s<\/span> <span class=\"et-pb-icon\">&#xf30b;<\/span><\/a>\n        <\/div>                        <\/div>\n                    <\/div>\n                <\/article>\n                                <article id=\"post-426\" class=\"df-post-item v2 post-426 post type-post status-publish format-standard has-post-thumbnail hentry category-sin-categorizar\">\n                    <div class=\"df-post-outer-wrap df-hover-trigger\" >\n                                                <div class=\"df-post-inner-wrap\">\n                            <div class=\"df-item-wrap df-post-image-wrap difl_postitem_0 \">\n                    <a class=\"df-hover-effect df-image-zoom-in\" href=\"https:\/\/ipmscoutek.com\/es\/dominar-el-manejo-de-plagas-como-la-exploracion-eficaz-y-los-procedimientos-operativos-estandar-impulsan-el-exito\/\"><img loading=\"lazy\" decoding=\"async\" src=\"https:\/\/ipmscoutek.com\/wp-content\/uploads\/2024\/11\/IPM_Infographic-400x250.jpg\" alt=\"Dominar el manejo de plagas: c\u00f3mo la exploraci\u00f3n eficaz y los procedimientos operativos est\u00e1ndar impulsan el \u00e9xito\" class=\"\" width=\"400\" height=\"250\" \/><\/a>\n                <\/div><div class=\"df-item-wrap df-post-title-wrap difl_postitem_1 \">\n            \n            <h3 class=\"df-post-title\">\n                <a href=\"https:\/\/ipmscoutek.com\/es\/dominar-el-manejo-de-plagas-como-la-exploracion-eficaz-y-los-procedimientos-operativos-estandar-impulsan-el-exito\/\">\n                    Dominar el manejo de plagas: c\u00f3mo la exploraci\u00f3n eficaz y los procedimientos operativos est\u00e1ndar impulsan el \u00e9xito\n                <\/a>\n            <\/h3>     \n        <\/div><div class=\"df-item-wrap df-post-button-wrap difl_postitem_2 \">\n            \n            <a class=\"df-post-read-more\" href=\"https:\/\/ipmscoutek.com\/es\/dominar-el-manejo-de-plagas-como-la-exploracion-eficaz-y-los-procedimientos-operativos-estandar-impulsan-el-exito\/\"><span class=\"btn-text\">Leer m\u00e1s<\/span> <span class=\"et-pb-icon\">&#xf30b;<\/span><\/a>\n        <\/div>                        <\/div>\n                    <\/div>\n                <\/article>\n                                <article id=\"post-350\" class=\"df-post-item v2 post-350 post type-post status-publish format-standard has-post-thumbnail hentry category-sin-categorizar\">\n                    <div class=\"df-post-outer-wrap df-hover-trigger\" >\n                                                <div class=\"df-post-inner-wrap\">\n                            <div class=\"df-item-wrap df-post-image-wrap difl_postitem_0 \">\n                    <a class=\"df-hover-effect df-image-zoom-in\" href=\"https:\/\/ipmscoutek.com\/es\/por-que-los-datos-en-tiempo-real-estan-revolucionando-la-gestion-integrada-de-plagas-en-la-agricultura\/\"><img loading=\"lazy\" decoding=\"async\" src=\"https:\/\/ipmscoutek.com\/wp-content\/uploads\/2024\/05\/197315710_m_normal_none-400x250.jpg\" alt=\"Por qu\u00e9 los datos en tiempo real est\u00e1n revolucionando la gesti\u00f3n integrada de plagas en la agricultura\" class=\"\" width=\"400\" height=\"250\" \/><\/a>\n                <\/div><div class=\"df-item-wrap df-post-title-wrap difl_postitem_1 \">\n            \n            <h3 class=\"df-post-title\">\n                <a href=\"https:\/\/ipmscoutek.com\/es\/por-que-los-datos-en-tiempo-real-estan-revolucionando-la-gestion-integrada-de-plagas-en-la-agricultura\/\">\n                    Por qu\u00e9 los datos en tiempo real est\u00e1n revolucionando la gesti\u00f3n integrada de plagas en la agricultura\n                <\/a>\n            <\/h3>     \n        <\/div><div class=\"df-item-wrap df-post-button-wrap difl_postitem_2 \">\n            \n            <a class=\"df-post-read-more\" href=\"https:\/\/ipmscoutek.com\/es\/por-que-los-datos-en-tiempo-real-estan-revolucionando-la-gestion-integrada-de-plagas-en-la-agricultura\/\"><span class=\"btn-text\">Leer m\u00e1s<\/span> <span class=\"et-pb-icon\">&#xf30b;<\/span><\/a>\n        <\/div>                        <\/div>\n                    <\/div>\n                <\/article>\n                <\/div><\/div>\n\t\t\t\t<\/div>\n\t\t\t<\/div><\/p>\n","protected":false},"author":3,"featured_media":0,"parent":0,"menu_order":0,"comment_status":"closed","ping_status":"closed","template":"","meta":{"_et_pb_use_builder":"on","_et_pb_old_content":"","_et_gb_content_width":"","footnotes":""},"difl_page_category":[],"class_list":["post-358","page","type-page","status-publish","hentry"],"_links":{"self":[{"href":"https:\/\/ipmscoutek.com\/es\/wp-json\/wp\/v2\/pages\/358","targetHints":{"allow":["GET"]}}],"collection":[{"href":"https:\/\/ipmscoutek.com\/es\/wp-json\/wp\/v2\/pages"}],"about":[{"href":"https:\/\/ipmscoutek.com\/es\/wp-json\/wp\/v2\/types\/page"}],"author":[{"embeddable":true,"href":"https:\/\/ipmscoutek.com\/es\/wp-json\/wp\/v2\/users\/3"}],"replies":[{"embeddable":true,"href":"https:\/\/ipmscoutek.com\/es\/wp-json\/wp\/v2\/comments?post=358"}],"version-history":[{"count":0,"href":"https:\/\/ipmscoutek.com\/es\/wp-json\/wp\/v2\/pages\/358\/revisions"}],"wp:attachment":[{"href":"https:\/\/ipmscoutek.com\/es\/wp-json\/wp\/v2\/media?parent=358"}],"wp:term":[{"taxonomy":"difl_page_category","embeddable":true,"href":"https:\/\/ipmscoutek.com\/es\/wp-json\/wp\/v2\/difl_page_category?post=358"}],"curies":[{"name":"wp","href":"https:\/\/api.w.org\/{rel}","templated":true}]}}